{"id":22,"date":"2020-07-20T13:50:12","date_gmt":"2020-07-20T13:50:12","guid":{"rendered":"https:\/\/blueridge.li\/?page_id=22"},"modified":"2021-07-22T17:24:34","modified_gmt":"2021-07-22T17:24:34","slug":"impressum","status":"publish","type":"page","link":"https:\/\/blueridge.li\/en\/impressum\/","title":{"rendered":"Imprint"},"content":{"rendered":"<div data-elementor-type=\"wp-page\" data-elementor-id=\"22\" class=\"elementor elementor-22\">\n\t\t\t\t\t\t<div class=\"elementor-inner\">\n\t\t\t\t<div class=\"elementor-section-wrap\">\n\t\t\t\t\t\t\t\t\t<section class=\"elementor-section elementor-top-section elementor-element elementor-element-3dc0d1a elementor-section-boxed elementor-section-height-default elementor-section-height-default\" data-id=\"3dc0d1a\" data-element_type=\"section\">\n\t\t\t\t\t\t<div class=\"elementor-container elementor-column-gap-default\">\n\t\t\t\t\t\t\t<div class=\"elementor-row\">\n\t\t\t\t\t<div class=\"elementor-column elementor-col-100 elementor-top-column elementor-element elementor-element-b832c45\" data-id=\"b832c45\" data-element_type=\"column\">\n\t\t\t<div class=\"elementor-column-wrap elementor-element-populated\">\n\t\t\t\t\t\t\t<div class=\"elementor-widget-wrap\">\n\t\t\t\t\t\t<div class=\"elementor-element elementor-element-dfe9dcb elementor-widget elementor-widget-heading\" data-id=\"dfe9dcb\" data-element_type=\"widget\" data-widget_type=\"heading.default\">\n\t\t\t\t<div class=\"elementor-widget-container\">\n\t\t\t<h2 class=\"elementor-heading-title elementor-size-default\">1. Responsible party for the content:\n<\/h2>\t\t<\/div>\n\t\t\t\t<\/div>\n\t\t\t\t<div class=\"elementor-element elementor-element-b2de000 elementor-widget elementor-widget-text-editor\" data-id=\"b2de000\" data-element_type=\"widget\" data-widget_type=\"text-editor.default\">\n\t\t\t\t<div class=\"elementor-widget-container\">\n\t\t\t\t\t\t\t\t<div class=\"elementor-text-editor elementor-clearfix\">\n\t\t\t\t<p class=\"p1\"><span class=\"s1\">BlueRidge Management AG<br \/><\/span><span class=\"s1\">Industriering 14<br \/><\/span><span class=\"s1\">9491 Ruggell<br \/><\/span><span class=\"s1\">Liechtenstein<br \/><\/span><span class=\"s1\">Tel. +423 264 24 80<br \/><\/span><span class=\"s1\">Fax +423 264 24 90<br \/><\/span><span class=\"s1\">contact@blueridge.li<br \/><\/span><\/p><p class=\"p1\"><span class=\"s1\">Reg. Nr. FL-0002.532.675-8<br \/><\/span><span class=\"s1\">MwSt Nr. 59 875<br \/><\/span><span class=\"s1\">Steuer Nr. 2532675<\/span><\/p>\t\t\t\t\t<\/div>\n\t\t\t\t\t\t<\/div>\n\t\t\t\t<\/div>\n\t\t\t\t\t\t<\/div>\n\t\t\t\t\t<\/div>\n\t\t<\/div>\n\t\t\t\t\t\t\t\t<\/div>\n\t\t\t\t\t<\/div>\n\t\t<\/section>\n\t\t\t\t<section class=\"elementor-section elementor-top-section elementor-element elementor-element-87f2cb3 elementor-section-boxed elementor-section-height-default elementor-section-height-default\" data-id=\"87f2cb3\" data-element_type=\"section\">\n\t\t\t\t\t\t<div class=\"elementor-container elementor-column-gap-default\">\n\t\t\t\t\t\t\t<div class=\"elementor-row\">\n\t\t\t\t\t<div class=\"elementor-column elementor-col-100 elementor-top-column elementor-element elementor-element-9c81748\" data-id=\"9c81748\" data-element_type=\"column\">\n\t\t\t<div class=\"elementor-column-wrap elementor-element-populated\">\n\t\t\t\t\t\t\t<div class=\"elementor-widget-wrap\">\n\t\t\t\t\t\t<div class=\"elementor-element elementor-element-fe491dc elementor-widget elementor-widget-heading\" data-id=\"fe491dc\" data-element_type=\"widget\" data-widget_type=\"heading.default\">\n\t\t\t\t<div class=\"elementor-widget-container\">\n\t\t\t<h2 class=\"elementor-heading-title elementor-size-default\">2. Design and development:<\/h2>\t\t<\/div>\n\t\t\t\t<\/div>\n\t\t\t\t<div class=\"elementor-element elementor-element-6a72661 elementor-widget elementor-widget-text-editor\" data-id=\"6a72661\" data-element_type=\"widget\" data-widget_type=\"text-editor.default\">\n\t\t\t\t<div class=\"elementor-widget-container\">\n\t\t\t\t\t\t\t\t<div class=\"elementor-text-editor elementor-clearfix\">\n\t\t\t\t<p>Vincent Rheinberger<br \/><a href=\"mailto: contact@studio-tahdig.com\">contact@studio-tahdig.com<\/a><\/p>\t\t\t\t\t<\/div>\n\t\t\t\t\t\t<\/div>\n\t\t\t\t<\/div>\n\t\t\t\t\t\t<\/div>\n\t\t\t\t\t<\/div>\n\t\t<\/div>\n\t\t\t\t\t\t\t\t<\/div>\n\t\t\t\t\t<\/div>\n\t\t<\/section>\n\t\t\t\t<section class=\"elementor-section elementor-top-section elementor-element elementor-element-c748118 elementor-section-boxed elementor-section-height-default elementor-section-height-default\" data-id=\"c748118\" data-element_type=\"section\">\n\t\t\t\t\t\t<div class=\"elementor-container elementor-column-gap-default\">\n\t\t\t\t\t\t\t<div class=\"elementor-row\">\n\t\t\t\t\t<div class=\"elementor-column elementor-col-100 elementor-top-column elementor-element elementor-element-f976bee\" data-id=\"f976bee\" data-element_type=\"column\">\n\t\t\t<div class=\"elementor-column-wrap elementor-element-populated\">\n\t\t\t\t\t\t\t<div class=\"elementor-widget-wrap\">\n\t\t\t\t\t\t<div class=\"elementor-element elementor-element-22e4b23 elementor-widget elementor-widget-heading\" data-id=\"22e4b23\" data-element_type=\"widget\" data-widget_type=\"heading.default\">\n\t\t\t\t<div class=\"elementor-widget-container\">\n\t\t\t<h2 class=\"elementor-heading-title elementor-size-default\">3. Photos<\/h2>\t\t<\/div>\n\t\t\t\t<\/div>\n\t\t\t\t<div class=\"elementor-element elementor-element-5342a51 elementor-widget elementor-widget-text-editor\" data-id=\"5342a51\" data-element_type=\"widget\" data-widget_type=\"text-editor.default\">\n\t\t\t\t<div class=\"elementor-widget-container\">\n\t\t\t\t\t\t\t\t<div class=\"elementor-text-editor elementor-clearfix\">\n\t\t\t\t<p><span style=\"font-family: Roboto; font-size: 14px; font-style: normal; font-variant-ligatures: normal; font-variant-caps: normal; font-weight: 400;\">Header Fotos<br \/>Luis Salazar, Charlie Hammond, Mark de Jong\u00a0<br \/><br \/>Portrait Fotos<\/span><span style=\"font-family: Roboto, sans-serif; font-size: 14px; font-style: normal; font-variant-ligatures: normal; font-variant-caps: normal; font-weight: 400;\"><br \/>Robin Verling<\/span><br \/><a href=\"mailto:robin.verling@hotmail.com\">robin.verling@hotmail.com<\/a><\/p><p>\u00a0<\/p>\t\t\t\t\t<\/div>\n\t\t\t\t\t\t<\/div>\n\t\t\t\t<\/div>\n\t\t\t\t\t\t<\/div>\n\t\t\t\t\t<\/div>\n\t\t<\/div>\n\t\t\t\t\t\t\t\t<\/div>\n\t\t\t\t\t<\/div>\n\t\t<\/section>\n\t\t\t\t<section class=\"elementor-section elementor-top-section elementor-element elementor-element-412f2b0 elementor-section-boxed elementor-section-height-default elementor-section-height-default\" data-id=\"412f2b0\" data-element_type=\"section\">\n\t\t\t\t\t\t<div class=\"elementor-container elementor-column-gap-default\">\n\t\t\t\t\t\t\t<div class=\"elementor-row\">\n\t\t\t\t\t<div class=\"elementor-column elementor-col-100 elementor-top-column elementor-element elementor-element-c5d7ccb\" data-id=\"c5d7ccb\" data-element_type=\"column\">\n\t\t\t<div class=\"elementor-column-wrap elementor-element-populated\">\n\t\t\t\t\t\t\t<div class=\"elementor-widget-wrap\">\n\t\t\t\t\t\t<div class=\"elementor-element elementor-element-bea3e87 elementor-widget elementor-widget-heading\" data-id=\"bea3e87\" data-element_type=\"widget\" data-widget_type=\"heading.default\">\n\t\t\t\t<div class=\"elementor-widget-container\">\n\t\t\t<h2 class=\"elementor-heading-title elementor-size-default\">4. Copyright<\/h2>\t\t<\/div>\n\t\t\t\t<\/div>\n\t\t\t\t<div class=\"elementor-element elementor-element-a4cca7b elementor-widget elementor-widget-text-editor\" data-id=\"a4cca7b\" data-element_type=\"widget\" data-widget_type=\"text-editor.default\">\n\t\t\t\t<div class=\"elementor-widget-container\">\n\t\t\t\t\t\t\t\t<div class=\"elementor-text-editor elementor-clearfix\">\n\t\t\t\t<p class=\"p1\"><span class=\"s1\">Der gesamte Inhalt der Webseite blueridge.li, (nachfolgend &#171;Webseite&#187;) ist urheberrechtlich gesch\u00fctzt. Die Urheberrechte kommen dabei der BlueRidge Management AG oder Dritten zu. Die Elemente auf der Webseite sind nur f\u00fcr Browsingzwecke frei zug\u00e4nglich. Jede Art der Verbreitung, Vervielf\u00e4ltigung, Bearbeitung und Verwertung des gegenst\u00e4ndlichen Materials (auch Teile daraus) ausserhalb der Grenzen des Urheberrechts bedarf der vorherigen schriftlichen Zustimmung des jeweiligen Urhebers. Die Verbreitung und Vervielf\u00e4ltigung des gegenst\u00e4ndlichen Materials (auch Teile daraus) in gedruckter oder elektronischer Form innerhalb der Grenzen des Urheberrechts sind nur mit ausdr\u00fccklicher namentlicher Nennung des Urhebers gestattet.<\/span><\/p><p class=\"p2\"><span class=\"s1\">The downloading or copying of content, images or other files does not entail the transfer of any rights whatsoever relating to the content. The names and logos used are registered and consequently protected brands, and for this reason there is no entitlement to use the images, names or logos. BlueRidge Management Inc. reserves all rights to the entire content of the Website \u2013 with the exception of third-party rights.<\/span><\/p>\t\t\t\t\t<\/div>\n\t\t\t\t\t\t<\/div>\n\t\t\t\t<\/div>\n\t\t\t\t\t\t<\/div>\n\t\t\t\t\t<\/div>\n\t\t<\/div>\n\t\t\t\t\t\t\t\t<\/div>\n\t\t\t\t\t<\/div>\n\t\t<\/section>\n\t\t\t\t<section class=\"elementor-section elementor-top-section elementor-element elementor-element-175c501 elementor-section-boxed elementor-section-height-default elementor-section-height-default\" data-id=\"175c501\" data-element_type=\"section\">\n\t\t\t\t\t\t<div class=\"elementor-container elementor-column-gap-default\">\n\t\t\t\t\t\t\t<div class=\"elementor-row\">\n\t\t\t\t\t<div class=\"elementor-column elementor-col-100 elementor-top-column elementor-element elementor-element-87c2d26\" data-id=\"87c2d26\" data-element_type=\"column\">\n\t\t\t<div class=\"elementor-column-wrap elementor-element-populated\">\n\t\t\t\t\t\t\t<div class=\"elementor-widget-wrap\">\n\t\t\t\t\t\t<div class=\"elementor-element elementor-element-5553f98 elementor-widget elementor-widget-heading\" data-id=\"5553f98\" data-element_type=\"widget\" data-widget_type=\"heading.default\">\n\t\t\t\t<div class=\"elementor-widget-container\">\n\t\t\t<h2 class=\"elementor-heading-title elementor-size-default\">5. Limitation of liability for own content:<\/h2>\t\t<\/div>\n\t\t\t\t<\/div>\n\t\t\t\t<div class=\"elementor-element elementor-element-07d5dda elementor-widget elementor-widget-text-editor\" data-id=\"07d5dda\" data-element_type=\"widget\" data-widget_type=\"text-editor.default\">\n\t\t\t\t<div class=\"elementor-widget-container\">\n\t\t\t\t\t\t\t\t<div class=\"elementor-text-editor elementor-clearfix\">\n\t\t\t\t<p class=\"p1\"><span class=\"s1\">Although BlueRidge Management Inc. compiled the published information with the greatest care, it and its contracting partners cannot provide any guarantee for the topicality, comprehensiveness and accuracy of the information contained in the Website at the time of publication (not in respect of third parties either). Liability claims brought against BlueRidge Management Inc. on the grounds of damage of a material or immaterial nature arising out of the accessing or utilisation or non-utilisation of the published information, abuse of the link or technical disruptions, as well as direct and indirect consequential damage, are excluded.<\/span><\/p><p class=\"p1\"><span class=\"s1\">As a contractual relationship exists between a user of the Website and BlueRidge Management Inc., BlueRidge Management Inc. shall be liable only for damage caused through gross negligence or willful intent. BlueRidge Management Inc. excludes any possible liability for damage caused by an auxiliary person.<\/span><\/p>\t\t\t\t\t<\/div>\n\t\t\t\t\t\t<\/div>\n\t\t\t\t<\/div>\n\t\t\t\t\t\t<\/div>\n\t\t\t\t\t<\/div>\n\t\t<\/div>\n\t\t\t\t\t\t\t\t<\/div>\n\t\t\t\t\t<\/div>\n\t\t<\/section>\n\t\t\t\t<section class=\"elementor-section elementor-top-section elementor-element elementor-element-040a82a elementor-section-boxed elementor-section-height-default elementor-section-height-default\" data-id=\"040a82a\" data-element_type=\"section\">\n\t\t\t\t\t\t<div class=\"elementor-container elementor-column-gap-default\">\n\t\t\t\t\t\t\t<div class=\"elementor-row\">\n\t\t\t\t\t<div class=\"elementor-column elementor-col-100 elementor-top-column elementor-element elementor-element-1773642\" data-id=\"1773642\" data-element_type=\"column\">\n\t\t\t<div class=\"elementor-column-wrap elementor-element-populated\">\n\t\t\t\t\t\t\t<div class=\"elementor-widget-wrap\">\n\t\t\t\t\t\t<div class=\"elementor-element elementor-element-e552f9e elementor-widget elementor-widget-heading\" data-id=\"e552f9e\" data-element_type=\"widget\" data-widget_type=\"heading.default\">\n\t\t\t\t<div class=\"elementor-widget-container\">\n\t\t\t<h2 class=\"elementor-heading-title elementor-size-default\">6. Limitation of liability for external links:<\/h2>\t\t<\/div>\n\t\t\t\t<\/div>\n\t\t\t\t<div class=\"elementor-element elementor-element-870e2ce elementor-widget elementor-widget-text-editor\" data-id=\"870e2ce\" data-element_type=\"widget\" data-widget_type=\"text-editor.default\">\n\t\t\t\t<div class=\"elementor-widget-container\">\n\t\t\t\t\t\t\t\t<div class=\"elementor-text-editor elementor-clearfix\">\n\t\t\t\t<p class=\"p1\"><span class=\"s1\">The Website may contain external links (links to third-party websites) that under certain circumstances, if activated, may leave the Website or may display extracts from third-party websites within the framework of the Website. BlueRidge Managment AG and its contracting partners provide no warranty for the topicality, comprehensiveness and accuracy of the content of the linked websites. The respective information provider of the linked website is responsible for the content and accuracy of the information.\u00a0<\/span><\/p><p class=\"p1\"><span class=\"s1\">Any possible responsibility for such websites is rejected.<\/span><\/p>\t\t\t\t\t<\/div>\n\t\t\t\t\t\t<\/div>\n\t\t\t\t<\/div>\n\t\t\t\t\t\t<\/div>\n\t\t\t\t\t<\/div>\n\t\t<\/div>\n\t\t\t\t\t\t\t\t<\/div>\n\t\t\t\t\t<\/div>\n\t\t<\/section>\n\t\t\t\t<section class=\"elementor-section elementor-top-section elementor-element elementor-element-f4c6fd2 elementor-section-boxed elementor-section-height-default elementor-section-height-default\" data-id=\"f4c6fd2\" data-element_type=\"section\">\n\t\t\t\t\t\t<div class=\"elementor-container elementor-column-gap-default\">\n\t\t\t\t\t\t\t<div class=\"elementor-row\">\n\t\t\t\t\t<div class=\"elementor-column elementor-col-100 elementor-top-column elementor-element elementor-element-faf3611\" data-id=\"faf3611\" data-element_type=\"column\">\n\t\t\t<div class=\"elementor-column-wrap elementor-element-populated\">\n\t\t\t\t\t\t\t<div class=\"elementor-widget-wrap\">\n\t\t\t\t\t\t<div class=\"elementor-element elementor-element-e0afe1d elementor-widget elementor-widget-heading\" data-id=\"e0afe1d\" data-element_type=\"widget\" data-widget_type=\"heading.default\">\n\t\t\t\t<div class=\"elementor-widget-container\">\n\t\t\t<h2 class=\"elementor-heading-title elementor-size-default\"><a href=\"https:\/\/blueridge.li\/en\/datenschutz\/\">7. Data protection declaration:<\/a><\/h2>\t\t<\/div>\n\t\t\t\t<\/div>\n\t\t\t\t<div class=\"elementor-element elementor-element-2be9346 elementor-widget elementor-widget-text-editor\" data-id=\"2be9346\" data-element_type=\"widget\" data-widget_type=\"text-editor.default\">\n\t\t\t\t<div class=\"elementor-widget-container\">\n\t\t\t\t\t\t\t\t<div class=\"elementor-text-editor elementor-clearfix\">\n\t\t\t\t<p class=\"p1\"><span class=\"s1\">BlueRidge Management AG,\u00a0Industriering 14, PO Box 35 , 9491 Ruggell, Liechtenstein is responsible in terms of the GDPR.\u00a0<\/span><\/p>\t\t\t\t\t<\/div>\n\t\t\t\t\t\t<\/div>\n\t\t\t\t<\/div>\n\t\t\t\t\t\t<\/div>\n\t\t\t\t\t<\/div>\n\t\t<\/div>\n\t\t\t\t\t\t\t\t<\/div>\n\t\t\t\t\t<\/div>\n\t\t<\/section>\n\t\t\t\t\t\t\t\t\t<\/div>\n\t\t\t<\/div>\n\t\t\t\t\t<\/div>","protected":false},"excerpt":{"rendered":"<p>1. F\u00fcr den Inhalt verantwortlich: BlueRidge Management AGIndustriering 149491 RuggellLiechtensteinTel. +423 264 24 80Fax +423 264 24 90contact@blueridge.li Reg. Nr. FL-0002.532.675-8MwSt Nr. 59 875Steuer Nr. 2532675 2. Gestaltung und Umsetzung der Website Vincent Rheinbergercontact@studio-tahdig.com 3. Fotografien Header FotosLuis Salazar, Charlie Hammond, Mark de Jong\u00a0 Portrait FotosRobin Verlingrobin.verling@hotmail.com \u00a0 4. Copyright\/Urheberrecht:\u2028 Der gesamte Inhalt der Webseite [&hellip;]<\/p>","protected":false},"author":1,"featured_media":0,"parent":0,"menu_order":0,"comment_status":"closed","ping_status":"closed","template":"","meta":[],"featured_image_urls":{"full":"","thumbnail":"","medium":"","medium_large":"","large":"","1536x1536":"","2048x2048":"","trp-custom-language-flag":"","ocean-thumb-m":"","ocean-thumb-ml":"","ocean-thumb-l":""},"post_excerpt_stackable":"<p>1. F\u00fcr den Inhalt verantwortlich: BlueRidge Management AGIndustriering 149491 RuggellLiechtensteinTel. +423 264 24 80Fax +423 264 24 90contact@blueridge.liReg. Nr. FL-0002.532.675-8MwSt Nr. 59 875Steuer Nr. 2532675 2. Gestaltung und Umsetzung der Website Vincent Rheinbergercontact@studio-tahdig.com 3. Fotografien Header FotosLuis Salazar, Charlie Hammond, Mark de Jong\u00a0Portrait FotosRobin Verlingrobin.verling@hotmail.com\u00a0 4. Copyright\/Urheberrecht:\u2028 Der gesamte Inhalt der Webseite blueridge.li, (nachfolgend &#171;Webseite&#187;) ist urheberrechtlich gesch\u00fctzt. Die Urheberrechte kommen dabei der BlueRidge Management AG oder Dritten zu. Die Elemente auf der Webseite sind nur f\u00fcr Browsingzwecke frei zug\u00e4nglich. Jede Art der Verbreitung, Vervielf\u00e4ltigung, Bearbeitung und Verwertung des gegenst\u00e4ndlichen Materials (auch Teile daraus) ausserhalb der Grenzen des Urheberrechts bedarf&hellip;<\/p>\n","category_list":"","author_info":{"name":"admin","url":"https:\/\/blueridge.li\/en\/author\/pk_jigp1483\/"},"comments_num":"0 comments","featured_image_urls_v2":{"full":"","thumbnail":"","medium":"","medium_large":"","large":"","1536x1536":"","2048x2048":"","trp-custom-language-flag":"","ocean-thumb-m":"","ocean-thumb-ml":"","ocean-thumb-l":""},"post_excerpt_stackable_v2":"<p>1. F\u00fcr den Inhalt verantwortlich: BlueRidge Management AGIndustriering 149491 RuggellLiechtensteinTel. +423 264 24 80Fax +423 264 24 90contact@blueridge.liReg. Nr. FL-0002.532.675-8MwSt Nr. 59 875Steuer Nr. 2532675 2. Gestaltung und Umsetzung der Website Vincent Rheinbergercontact@studio-tahdig.com 3. Fotografien Header FotosLuis Salazar, Charlie Hammond, Mark de Jong\u00a0Portrait FotosRobin Verlingrobin.verling@hotmail.com\u00a0 4. Copyright\/Urheberrecht:\u2028 Der gesamte Inhalt der Webseite blueridge.li, (nachfolgend &#171;Webseite&#187;) ist urheberrechtlich gesch\u00fctzt. Die Urheberrechte kommen dabei der BlueRidge Management AG oder Dritten zu. Die Elemente auf der Webseite sind nur f\u00fcr Browsingzwecke frei zug\u00e4nglich. Jede Art der Verbreitung, Vervielf\u00e4ltigung, Bearbeitung und Verwertung des gegenst\u00e4ndlichen Materials (auch Teile daraus) ausserhalb der Grenzen des Urheberrechts bedarf&hellip;<\/p>\n","category_list_v2":"","author_info_v2":{"name":"admin","url":"https:\/\/blueridge.li\/en\/author\/pk_jigp1483\/"},"comments_num_v2":"0 comments","yoast_head":"<!-- This site is optimized with the Yoast SEO plugin v20.4 - https:\/\/yoast.com\/wordpress\/plugins\/seo\/ -->\n<title>Impressum - Blueridge<\/title>\n<meta name=\"robots\" content=\"index, follow, max-snippet:-1, max-image-preview:large, max-video-preview:-1\" \/>\n<link rel=\"canonical\" href=\"https:\/\/blueridge.li\/en\/impressum\/\" \/>\n<meta property=\"og:locale\" content=\"en_US\" \/>\n<meta property=\"og:type\" content=\"article\" \/>\n<meta property=\"og:title\" content=\"Impressum - Blueridge\" \/>\n<meta property=\"og:description\" content=\"1. F\u00fcr den Inhalt verantwortlich: BlueRidge Management AGIndustriering 149491 RuggellLiechtensteinTel. +423 264 24 80Fax +423 264 24 90contact@blueridge.li Reg. Nr. FL-0002.532.675-8MwSt Nr. 59 875Steuer Nr. 2532675 2. Gestaltung und Umsetzung der Website Vincent Rheinbergercontact@studio-tahdig.com 3. Fotografien Header FotosLuis Salazar, Charlie Hammond, Mark de Jong\u00a0 Portrait FotosRobin Verlingrobin.verling@hotmail.com \u00a0 4. Copyright\/Urheberrecht:\u2028 Der gesamte Inhalt der Webseite [&hellip;]\" \/>\n<meta property=\"og:url\" content=\"https:\/\/blueridge.li\/en\/impressum\/\" \/>\n<meta property=\"og:site_name\" content=\"Blueridge\" \/>\n<meta property=\"article:modified_time\" content=\"2021-07-22T17:24:34+00:00\" \/>\n<meta name=\"twitter:card\" content=\"summary_large_image\" \/>\n<meta name=\"twitter:label1\" content=\"Est. reading time\" \/>\n\t<meta name=\"twitter:data1\" content=\"2 minutes\" \/>\n<script type=\"application\/ld+json\" class=\"yoast-schema-graph\">{\"@context\":\"https:\/\/schema.org\",\"@graph\":[{\"@type\":\"WebPage\",\"@id\":\"https:\/\/blueridge.li\/impressum\/\",\"url\":\"https:\/\/blueridge.li\/impressum\/\",\"name\":\"Impressum - Blueridge\",\"isPartOf\":{\"@id\":\"https:\/\/blueridge.li\/#website\"},\"datePublished\":\"2020-07-20T13:50:12+00:00\",\"dateModified\":\"2021-07-22T17:24:34+00:00\",\"breadcrumb\":{\"@id\":\"https:\/\/blueridge.li\/impressum\/#breadcrumb\"},\"inLanguage\":\"en-US\",\"potentialAction\":[{\"@type\":\"ReadAction\",\"target\":[\"https:\/\/blueridge.li\/impressum\/\"]}]},{\"@type\":\"BreadcrumbList\",\"@id\":\"https:\/\/blueridge.li\/impressum\/#breadcrumb\",\"itemListElement\":[{\"@type\":\"ListItem\",\"position\":1,\"name\":\"Home\",\"item\":\"https:\/\/blueridge.li\/\"},{\"@type\":\"ListItem\",\"position\":2,\"name\":\"Impressum\"}]},{\"@type\":\"WebSite\",\"@id\":\"https:\/\/blueridge.li\/#website\",\"url\":\"https:\/\/blueridge.li\/\",\"name\":\"Blueridge\",\"description\":\"Blueridge Management AG\",\"publisher\":{\"@id\":\"https:\/\/blueridge.li\/#organization\"},\"potentialAction\":[{\"@type\":\"SearchAction\",\"target\":{\"@type\":\"EntryPoint\",\"urlTemplate\":\"https:\/\/blueridge.li\/?s={search_term_string}\"},\"query-input\":\"required name=search_term_string\"}],\"inLanguage\":\"en-US\"},{\"@type\":\"Organization\",\"@id\":\"https:\/\/blueridge.li\/#organization\",\"name\":\"Blueridge\",\"url\":\"https:\/\/blueridge.li\/\",\"logo\":{\"@type\":\"ImageObject\",\"inLanguage\":\"en-US\",\"@id\":\"https:\/\/blueridge.li\/#\/schema\/logo\/image\/\",\"url\":\"https:\/\/blueridge.li\/wp-content\/uploads\/2020\/08\/cropped-BlueRidgeL.jpg\",\"contentUrl\":\"https:\/\/blueridge.li\/wp-content\/uploads\/2020\/08\/cropped-BlueRidgeL.jpg\",\"width\":623,\"height\":322,\"caption\":\"Blueridge\"},\"image\":{\"@id\":\"https:\/\/blueridge.li\/#\/schema\/logo\/image\/\"}}]}<\/script>\n<!-- \/ Yoast SEO plugin. -->","yoast_head_json":{"title":"Impressum - Blueridge","robots":{"index":"index","follow":"follow","max-snippet":"max-snippet:-1","max-image-preview":"max-image-preview:large","max-video-preview":"max-video-preview:-1"},"canonical":"https:\/\/blueridge.li\/en\/impressum\/","og_locale":"en_US","og_type":"article","og_title":"Impressum - Blueridge","og_description":"1. F\u00fcr den Inhalt verantwortlich: BlueRidge Management AGIndustriering 149491 RuggellLiechtensteinTel. +423 264 24 80Fax +423 264 24 90contact@blueridge.li Reg. Nr. FL-0002.532.675-8MwSt Nr. 59 875Steuer Nr. 2532675 2. Gestaltung und Umsetzung der Website Vincent Rheinbergercontact@studio-tahdig.com 3. Fotografien Header FotosLuis Salazar, Charlie Hammond, Mark de Jong\u00a0 Portrait FotosRobin Verlingrobin.verling@hotmail.com \u00a0 4. Copyright\/Urheberrecht:\u2028 Der gesamte Inhalt der Webseite [&hellip;]","og_url":"https:\/\/blueridge.li\/en\/impressum\/","og_site_name":"Blueridge","article_modified_time":"2021-07-22T17:24:34+00:00","twitter_card":"summary_large_image","twitter_misc":{"Est. reading time":"2 minutes"},"schema":{"@context":"https:\/\/schema.org","@graph":[{"@type":"WebPage","@id":"https:\/\/blueridge.li\/impressum\/","url":"https:\/\/blueridge.li\/impressum\/","name":"Impressum - Blueridge","isPartOf":{"@id":"https:\/\/blueridge.li\/#website"},"datePublished":"2020-07-20T13:50:12+00:00","dateModified":"2021-07-22T17:24:34+00:00","breadcrumb":{"@id":"https:\/\/blueridge.li\/impressum\/#breadcrumb"},"inLanguage":"en-US","potentialAction":[{"@type":"ReadAction","target":["https:\/\/blueridge.li\/impressum\/"]}]},{"@type":"BreadcrumbList","@id":"https:\/\/blueridge.li\/impressum\/#breadcrumb","itemListElement":[{"@type":"ListItem","position":1,"name":"Home","item":"https:\/\/blueridge.li\/"},{"@type":"ListItem","position":2,"name":"Impressum"}]},{"@type":"WebSite","@id":"https:\/\/blueridge.li\/#website","url":"https:\/\/blueridge.li\/","name":"Blueridge","description":"Blueridge Management AG","publisher":{"@id":"https:\/\/blueridge.li\/#organization"},"potentialAction":[{"@type":"SearchAction","target":{"@type":"EntryPoint","urlTemplate":"https:\/\/blueridge.li\/?s={search_term_string}"},"query-input":"required name=search_term_string"}],"inLanguage":"en-US"},{"@type":"Organization","@id":"https:\/\/blueridge.li\/#organization","name":"Blueridge","url":"https:\/\/blueridge.li\/","logo":{"@type":"ImageObject","inLanguage":"en-US","@id":"https:\/\/blueridge.li\/#\/schema\/logo\/image\/","url":"https:\/\/blueridge.li\/wp-content\/uploads\/2020\/08\/cropped-BlueRidgeL.jpg","contentUrl":"https:\/\/blueridge.li\/wp-content\/uploads\/2020\/08\/cropped-BlueRidgeL.jpg","width":623,"height":322,"caption":"Blueridge"},"image":{"@id":"https:\/\/blueridge.li\/#\/schema\/logo\/image\/"}}]}},"_links":{"self":[{"href":"https:\/\/blueridge.li\/en\/wp-json\/wp\/v2\/pages\/22"}],"collection":[{"href":"https:\/\/blueridge.li\/en\/wp-json\/wp\/v2\/pages"}],"about":[{"href":"https:\/\/blueridge.li\/en\/wp-json\/wp\/v2\/types\/page"}],"author":[{"embeddable":true,"href":"https:\/\/blueridge.li\/en\/wp-json\/wp\/v2\/users\/1"}],"replies":[{"embeddable":true,"href":"https:\/\/blueridge.li\/en\/wp-json\/wp\/v2\/comments?post=22"}],"version-history":[{"count":22,"href":"https:\/\/blueridge.li\/en\/wp-json\/wp\/v2\/pages\/22\/revisions"}],"predecessor-version":[{"id":521,"href":"https:\/\/blueridge.li\/en\/wp-json\/wp\/v2\/pages\/22\/revisions\/521"}],"wp:attachment":[{"href":"https:\/\/blueridge.li\/en\/wp-json\/wp\/v2\/media?parent=22"}],"curies":[{"name":"wp","href":"https:\/\/api.w.org\/{rel}","templated":true}]}}